{"id":15746,"date":"2017-07-11T15:14:58","date_gmt":"2017-07-11T15:14:58","guid":{"rendered":"http:\/\/roelasociados.com\/?page_id=15746"},"modified":"2023-05-19T17:51:21","modified_gmt":"2023-05-19T17:51:21","slug":"oficinas","status":"publish","type":"page","link":"https:\/\/roelasociados.com\/ingles2\/oficinas\/","title":{"rendered":"OFFICES"},"content":{"rendered":"<section class=\"wpb-content-wrapper\"><p>[vc_row css_animation=&#8221;&#8221; row_type=&#8221;row&#8221; use_row_as_full_screen_section=&#8221;no&#8221; type=&#8221;full_width&#8221; angled_section=&#8221;no&#8221; text_align=&#8221;left&#8221; background_image_as_pattern=&#8221;without_pattern&#8221;][vc_column][vc_raw_html]JTNDaWZyYW1lJTIwc3JjJTNEJTIyaHR0cHMlM0ElMkYlMkZ3d3cuZ29vZ2xlLmNvbSUyRm1hcHMlMkZkJTJGZW1iZWQlM0ZtaWQlM0QxYTdYdTZpNjBVTUZIbTk3WmQwVzMtZ2cwZGZYN29oMCUyNmVoYmMlM0QyRTMxMkYlMjIlMjB3aWR0aCUzRCUyMjEwMCUyNSUyMiUyMGhlaWdodCUzRCUyMjQ4MCUyMiUzRSUzQyUyRmlmcmFtZSUzRQ==[\/vc_raw_html][\/vc_column][\/vc_row][vc_row css_animation=&#8221;&#8221; row_type=&#8221;row&#8221; use_row_as_full_screen_section=&#8221;no&#8221; type=&#8221;grid&#8221; angled_section=&#8221;no&#8221; text_align=&#8221;center&#8221; background_image_as_pattern=&#8221;without_pattern&#8221; css=&#8221;.vc_custom_1499790967981{margin-top: -30px !important;padding-top: 73px !important;padding-bottom: 84px !important;background-image: url(http:\/\/bridge70.qodeinteractive.com\/wp-content\/uploads\/2016\/07\/home-image-4.jpg?id=50) !important;}&#8221;][vc_column width=&#8221;1\/3&#8243; css=&#8221;.vc_custom_1499790253292{margin-right: 30px !important;margin-left: -30px !important;border-right-width: 30px !important;border-left-width: -30px !important;padding-right: 30px !important;padding-left: -30px !important;background-color: #ffffff !important;}&#8221;][vc_single_image image=&#8221;16328&#8243; img_size=&#8221;full&#8221; alignment=&#8221;center&#8221; qode_css_animation=&#8221;&#8221;][vc_column_text css=&#8221;.vc_custom_1599759317519{padding-right: 30px !important;}&#8221;]<\/p>\n<p style=\"text-align: center;\"><strong>LE\u00d3N, GUANAJUATO<\/strong><\/p>\n<p style=\"text-align: center;\">Praga #510, Colonia Andrade<br \/>\nC.P. 37020, Le\u00f3n, Guanajuato, M\u00e9xico.<\/p>\n<p style=\"text-align: center;\"><strong>Phone<\/strong><br \/>\n477 716 7686<\/p>\n<p style=\"text-align: center;\"><strong>e-mail:<\/strong> <a href=\"mailto:info@roelasociados.com\">info@roelasociados.com<\/a><\/p>\n<p>[\/vc_column_text][vc_empty_space height=&#8221;50px&#8221;][vc_raw_html]JTNDaWZyYW1lJTIwc3JjJTNEJTIyaHR0cHMlM0ElMkYlMkZ3d3cuZ29vZ2xlLmNvbSUyRm1hcHMlMkZlbWJlZCUzRnBiJTNEJTIxMW0xOCUyMTFtMTIlMjExbTMlMjExZDM3MjIuMDIyMzU1NDgxNzM5JTIxMmQtMTAxLjY3NTM3MTI4NTU5MTIlMjEzZDIxLjExMTY3NDg5MDMxOTYxJTIxMm0zJTIxMWYwJTIxMmYwJTIxM2YwJTIxM20yJTIxMWkxMDI0JTIxMmk3NjglMjE0ZjEzLjElMjEzbTMlMjExbTIlMjExczB4ODQyYmJmYTYwNzdiMTdlMSUyNTNBMHg0Y2ZmYmJkNmRkY2IyOTFkJTIxMnNSb2VsJTI1MjBBc29jaWFkb3MlMjE1ZTAlMjEzbTIlMjExc2VuJTIxMnNteCUyMTR2MTU5MTkxMjk4MzQ4NiUyMTVtMiUyMTFzZW4lMjEyc214JTIyJTIwd2lkdGglM0QlMjIxMDAlMjUlMjIlMjBoZWlnaHQlM0QlMjIzNTAlMjIlMjBmcmFtZWJvcmRlciUzRCUyMjAlMjIlMjBzdHlsZSUzRCUyMmJvcmRlciUzQTAlM0IlMjIlMjBhbGxvd2Z1bGxzY3JlZW4lM0QlMjIlMjIlMjBhcmlhLWhpZGRlbiUzRCUyMmZhbHNlJTIyJTIwdGFiaW5kZXglM0QlMjIwJTIyJTNFJTNDJTJGaWZyYW1lJTNF[\/vc_raw_html][\/vc_column][vc_column width=&#8221;1\/3&#8243; css=&#8221;.vc_custom_1499790246190{margin-right: 30px !important;border-right-width: 30px !important;padding-right: 30px !important;background-color: #ffffff !important;}&#8221;][vc_single_image image=&#8221;15915&#8243; img_size=&#8221;full&#8221; alignment=&#8221;center&#8221; qode_css_animation=&#8221;&#8221;][vc_column_text css=&#8221;.vc_custom_1599759322972{padding-right: 30px !important;}&#8221;]<\/p>\n<p style=\"text-align: center;\"><strong>CIUDAD DE M\u00c9XICO<\/strong><\/p>\n<p style=\"text-align: center;\">Rafael Rebollar #22, Colonia San Miguel Chapultepec. C.P. 11850 Ciudad de M\u00e9xico, M\u00e9xico<\/p>\n<p style=\"text-align: center;\"><strong>Phone<\/strong><br \/>\n55 5515 2300<\/p>\n<p style=\"text-align: center;\"><strong>e-mail:<\/strong> <a href=\"mailto:lorenzo@roel.com.mx\">lorenzo@roel.com.mx<\/a><\/p>\n<p>[\/vc_column_text][vc_empty_space height=&#8221;50px&#8221;][vc_raw_html]JTNDaWZyYW1lJTIwc3JjJTNEJTIyaHR0cHMlM0ElMkYlMkZ3d3cuZ29vZ2xlLmNvbSUyRm1hcHMlMkZlbWJlZCUzRnBiJTNEJTIxMW0xOCUyMTFtMTIlMjExbTMlMjExZDM3NjMuMTIwNjAyMjIxNTc0NyUyMTJkLTk5LjE4OTk1NDY4NTYxODI5JTIxM2QxOS40MDcxOTQ0NDY1MjI3MTYlMjEybTMlMjExZjAlMjEyZjAlMjEzZjAlMjEzbTIlMjExaTEwMjQlMjEyaTc2OCUyMTRmMTMuMSUyMTNtMyUyMTFtMiUyMTFzMHg4NWQxZmY1ZmQ5ZGQ2ODk3JTI1M0EweGE5NTc3ZmJlNWVkMjEzYjQlMjEyc0dvYmVybmFkb3IlMjUyMFJhZmFlbCUyNTIwUmVib2xsYXIlMjUyMDIyMiUyNTJDJTI1MjBTYW4lMjUyME1pZ3VlbCUyNTIwQ2hhcHVsdGVwZWMlMjUyMEklMjUyMFNlY2MlMjUyQyUyNTIwTWlndWVsJTI1MjBIaWRhbGdvJTI1MkMlMjUyMDExODUwJTI1MjBDaXVkYWQlMjUyMGRlJTI1MjBNJTI1QzMlMjVBOXhpY28lMjUyQyUyNTIwQ0RNWCUyMTVlMCUyMTNtMiUyMTFzZW4lMjEyc214JTIxNHYxNTkxOTE0MTgxNDkxJTIxNW0yJTIxMXNlbiUyMTJzbXglMjIlMjB3aWR0aCUzRCUyMjEwMCUyNSUyMiUyMGhlaWdodCUzRCUyMjM1MCUyMiUyMGZyYW1lYm9yZGVyJTNEJTIyMCUyMiUyMHN0eWxlJTNEJTIyYm9yZGVyJTNBMCUzQiUyMiUyMGFsbG93ZnVsbHNjcmVlbiUzRCUyMiUyMiUyMGFyaWEtaGlkZGVuJTNEJTIyZmFsc2UlMjIlMjB0YWJpbmRleCUzRCUyMjAlMjIlM0UlM0MlMkZpZnJhbWUlM0U=[\/vc_raw_html][\/vc_column][vc_column width=&#8221;1\/3&#8243; css=&#8221;.vc_custom_1499789772914{margin-right: -30px !important;margin-left: 30px !important;border-right-width: -30px !important;border-left-width: 30px !important;padding-right: -30px !important;padding-left: 30px !important;background-color: #ffffff !important;}&#8221;][vc_single_image image=&#8221;15917&#8243; img_size=&#8221;full&#8221; alignment=&#8221;center&#8221; qode_css_animation=&#8221;&#8221;][vc_column_text css=&#8221;.vc_custom_1599759328110{padding-right: 30px !important;}&#8221;]<\/p>\n<p style=\"text-align: center;\"><strong>TORRE\u00d3N, COAHUILA<\/strong><\/p>\n<p style=\"text-align: center;\">F\u00e9lix Ram\u00edrez # 114 Col. Ampliaci\u00f3n Los Angeles C.P. 27140 Torre\u00f3n, Coahuila, M\u00e9xico.<\/p>\n<p style=\"text-align: center;\"><strong>Phone<\/strong><br \/>\n871 716 4330<\/p>\n<p style=\"text-align: center;\"><strong>e-mail:<\/strong> <a href=\"mailto:javierroel@roelasociados.com\">javierroel@roelasociados.com<\/a><\/p>\n<p>[\/vc_column_text][vc_empty_space height=&#8221;25px&#8221;][vc_raw_html]JTNDaWZyYW1lJTIwc3JjJTNEJTIyaHR0cHMlM0ElMkYlMkZ3d3cuZ29vZ2xlLmNvbSUyRm1hcHMlMkZlbWJlZCUzRnBiJTNEJTIxMW0xOCUyMTFtMTIlMjExbTMlMjExZDM1OTkuNTQ1ODYxODAwMDg4NSUyMTJkLTEwMy40NTE2ODU1ODU1MDgzMiUyMTNkMjUuNTUzNTAwMTIzNDI0Mzk2JTIxMm0zJTIxMWYwJTIxMmYwJTIxM2YwJTIxM20yJTIxMWkxMDI0JTIxMmk3NjglMjE0ZjEzLjElMjEzbTMlMjExbTIlMjExczB4ODY4ZmRiZDViZjFhZmQ3OSUyNTNBMHhjMjc3MjY3M2U5MTgzNjdiJTIxMnpSc09wYkdsNElGSmhiY090Y21WNklERXhOQ3dnUVcxd0lHeHZjeUREZ1c1blpXeGxjeXdnTWpjeE5EZ2dWRzl5Y21YRHMyNHNJRU52WVdndSUyMTVlMCUyMTNtMiUyMTFzZW4lMjEyc214JTIxNHYxNTkxOTE0Njk3ODU5JTIxNW0yJTIxMXNlbiUyMTJzbXglMjIlMjB3aWR0aCUzRCUyMjEwMCUyNSUyMiUyMGhlaWdodCUzRCUyMjM1MCUyMiUyMGZyYW1lYm9yZGVyJTNEJTIyMCUyMiUyMHN0eWxlJTNEJTIyYm9yZGVyJTNBMCUzQiUyMiUyMGFsbG93ZnVsbHNjcmVlbiUzRCUyMiUyMiUyMGFyaWEtaGlkZGVuJTNEJTIyZmFsc2UlMjIlMjB0YWJpbmRleCUzRCUyMjAlMjIlM0UlM0MlMkZpZnJhbWUlM0U=[\/vc_raw_html][\/vc_column][\/vc_row]<\/p>\n<\/section>","protected":false},"excerpt":{"rendered":"<p>[vc_row css_animation=&#8221;&#8221; row_type=&#8221;row&#8221; use_row_as_full_screen_section=&#8221;no&#8221; type=&#8221;full_width&#8221; angled_section=&#8221;no&#8221; text_align=&#8221;left&#8221; background_image_as_pattern=&#8221;without_pattern&#8221;][vc_column][vc_raw_html]JTNDaWZyYW1lJTIwc3JjJTNEJTIyaHR0cHMlM0ElMkYlMkZ3d3cuZ29vZ2xlLmNvbSUyRm1hcHMlMkZkJTJGZW1iZWQlM0ZtaWQlM0QxYTdYdTZpNjBVTUZIbTk3WmQwVzMtZ2cwZGZYN29oMCUyNmVoYmMlM0QyRTMxMkYlMjIlMjB3aWR0aCUzRCUyMjEwMCUyNSUyMiUyMGhlaWdodCUzRCUyMjQ4MCUyMiUzRSUzQyUyRmlmcmFtZSUzRQ==[\/vc_raw_html][\/vc_column][\/vc_row][vc_row css_animation=&#8221;&#8221; row_type=&#8221;row&#8221; use_row_as_full_screen_section=&#8221;no&#8221; type=&#8221;grid&#8221; angled_section=&#8221;no&#8221; text_align=&#8221;center&#8221; background_image_as_pattern=&#8221;without_pattern&#8221; css=&#8221;.vc_custom_1499790967981{margin-top: -30px !important;padding-top: 73px !important;padding-bottom: 84px !important;background-image: url(http:\/\/bridge70.qodeinteractive.com\/wp-content\/uploads\/2016\/07\/home-image-4.jpg?id=50) !important;}&#8221;][vc_column width=&#8221;1\/3&#8243; css=&#8221;.vc_custom_1499790253292{margin-right: 30px !important;margin-left: -30px !important;border-right-width: 30px !important;border-left-width: -30px !important;padding-right: 30px !important;padding-left: -30px !important;background-color: #ffffff !important;}&#8221;][vc_single_image image=&#8221;16328&#8243; img_size=&#8221;full&#8221; alignment=&#8221;center&#8221; qode_css_animation=&#8221;&#8221;][vc_column_text css=&#8221;.vc_custom_1599759317519{padding-right:&#8230;<\/p>\n","protected":false},"author":1,"featured_media":0,"parent":0,"menu_order":0,"comment_status":"open","ping_status":"open","template":"full_width.php","meta":{"content-type":"","footnotes":""},"class_list":["post-15746","page","type-page","status-publish","hentry"],"_links":{"self":[{"href":"https:\/\/roelasociados.com\/ingles2\/wp-json\/wp\/v2\/pages\/15746","targetHints":{"allow":["GET"]}}],"collection":[{"href":"https:\/\/roelasociados.com\/ingles2\/wp-json\/wp\/v2\/pages"}],"about":[{"href":"https:\/\/roelasociados.com\/ingles2\/wp-json\/wp\/v2\/types\/page"}],"author":[{"embeddable":true,"href":"https:\/\/roelasociados.com\/ingles2\/wp-json\/wp\/v2\/users\/1"}],"replies":[{"embeddable":true,"href":"https:\/\/roelasociados.com\/ingles2\/wp-json\/wp\/v2\/comments?post=15746"}],"version-history":[{"count":90,"href":"https:\/\/roelasociados.com\/ingles2\/wp-json\/wp\/v2\/pages\/15746\/revisions"}],"predecessor-version":[{"id":16413,"href":"https:\/\/roelasociados.com\/ingles2\/wp-json\/wp\/v2\/pages\/15746\/revisions\/16413"}],"wp:attachment":[{"href":"https:\/\/roelasociados.com\/ingles2\/wp-json\/wp\/v2\/media?parent=15746"}],"curies":[{"name":"wp","href":"https:\/\/api.w.org\/{rel}","templated":true}]}}